{"id":8359,"date":"2021-10-19T09:52:38","date_gmt":"2021-10-19T12:52:38","guid":{"rendered":"https:\/\/usicomp.com.br\/loja\/?post_type=product&#038;p=8359"},"modified":"2025-11-13T08:25:03","modified_gmt":"2025-11-13T11:25:03","slug":"frasco-farmaceutico-320ml-boca-28mm-caixa-80-2","status":"publish","type":"product","link":"https:\/\/usicomp.com.br\/loja\/product\/frasco-farmaceutico-320ml-boca-28mm-caixa-80-2\/","title":{"rendered":"Frasco PET Farmac\u00eautico 320ml -Vermelho -BOCA 28mm C\/80 Un"},"content":{"rendered":"<h5>Dimens\u00f5es<\/h5>\n<table>\n<tbody>\n<tr>\n<td width=\"142\">Capacidade<\/td>\n<td style=\"text-align: left;\" width=\"142\">320 ml<\/td>\n<\/tr>\n<tr>\n<td width=\"142\">Altura- cm<\/td>\n<td width=\"142\">\n<p style=\"text-align: left;\">16,0<\/p>\n<\/td>\n<\/tr>\n<tr>\n<td width=\"142\">Largura &#8211; cm<\/td>\n<td width=\"142\">\n<p style=\"text-align: left;\">6,5<\/p>\n<\/td>\n<\/tr>\n<tr>\n<td width=\"142\">Circunfer\u00eancia &#8211; cm<\/td>\n<td width=\"142\">\n<p style=\"text-align: left;\">19,8<\/p>\n<\/td>\n<\/tr>\n<\/tbody>\n<\/table>\n<h5>Tamanho da boca<\/h5>\n<p>Boca 28 mm.<\/p>\n<h5>Caracter\u00edsticas do produto<\/h5>\n<p>Os frascos farmac\u00eauticos s\u00e3o produzidos com mat\u00e9ria prima \u201cRamapet Turbo da 3Rios Resinas\u201d. Essa mat\u00e9ria prima foi desenvolvida para promover embalagens com excelentes propriedades, entre elas transpar\u00eancia e brilho. Projetada com catalizadores e estabilizadores especiais, que permitem manter as propriedades da resina durante o processo de sopro<\/p>\n<p>Os nossos frascos da linha farmac\u00eautica s\u00e3o produzidos em m\u00e1quinas com processo de \u201cInjection Blow\u201d, ou seja, ao dar entrada na mat\u00e9ria prima, a m\u00e1quina faz o processo de inje\u00e7\u00e3o da pr\u00e9-forma e em seguida o sopro do frasco, tudo garantido em um \u00fanico processo. assegurando a qualidade do produto final.<\/p>\n","protected":false},"excerpt":{"rendered":"<p>Dimens\u00f5es Capacidade 320 ml Altura- cm 16,0 Largura &#8211; cm 6,5 Circunfer\u00eancia &#8211; cm 19,8 Tamanho da boca Boca 28<\/p>\n","protected":false},"featured_media":8387,"comment_status":"open","ping_status":"closed","template":"","meta":{"om_disable_all_campaigns":false},"product_brand":[],"product_cat":[39],"product_tag":[],"woo-feed-brand":[],"class_list":{"0":"post-8359","1":"product","2":"type-product","3":"status-publish","4":"has-post-thumbnail","6":"product_cat-frasco-farmaceutica","8":"first","9":"instock","10":"shipping-taxable","11":"purchasable","12":"product-type-variable"},"aioseo_notices":[],"_links":{"self":[{"href":"https:\/\/usicomp.com.br\/loja\/wp-json\/wp\/v2\/product\/8359","targetHints":{"allow":["GET"]}}],"collection":[{"href":"https:\/\/usicomp.com.br\/loja\/wp-json\/wp\/v2\/product"}],"about":[{"href":"https:\/\/usicomp.com.br\/loja\/wp-json\/wp\/v2\/types\/product"}],"replies":[{"embeddable":true,"href":"https:\/\/usicomp.com.br\/loja\/wp-json\/wp\/v2\/comments?post=8359"}],"wp:featuredmedia":[{"embeddable":true,"href":"https:\/\/usicomp.com.br\/loja\/wp-json\/wp\/v2\/media\/8387"}],"wp:attachment":[{"href":"https:\/\/usicomp.com.br\/loja\/wp-json\/wp\/v2\/media?parent=8359"}],"wp:term":[{"taxonomy":"product_brand","embeddable":true,"href":"https:\/\/usicomp.com.br\/loja\/wp-json\/wp\/v2\/product_brand?post=8359"},{"taxonomy":"product_cat","embeddable":true,"href":"https:\/\/usicomp.com.br\/loja\/wp-json\/wp\/v2\/product_cat?post=8359"},{"taxonomy":"product_tag","embeddable":true,"href":"https:\/\/usicomp.com.br\/loja\/wp-json\/wp\/v2\/product_tag?post=8359"},{"taxonomy":"woo-feed-brand","embeddable":true,"href":"https:\/\/usicomp.com.br\/loja\/wp-json\/wp\/v2\/woo-feed-brand?post=8359"}],"curies":[{"name":"wp","href":"https:\/\/api.w.org\/{rel}","templated":true}]}}