{"id":8303,"date":"2021-09-20T13:46:27","date_gmt":"2021-09-20T16:46:27","guid":{"rendered":"https:\/\/usicomp.com.br\/loja\/?post_type=product&#038;p=8303"},"modified":"2026-04-27T13:58:21","modified_gmt":"2026-04-27T16:58:21","slug":"garrafa-pet-500ml-quadrado-lisa-tampa-rosca","status":"publish","type":"product","link":"https:\/\/usicomp.com.br\/loja\/product\/garrafa-pet-500ml-quadrado-lisa-tampa-rosca\/","title":{"rendered":"Garrafa Pet 500ml Quadrada Familia com Tampa Rosca C\/60 Un"},"content":{"rendered":"<h5>Caracter\u00edsticas<\/h5>\n<p>PET quadrada fam\u00edlia.<br \/>\nTampa de rosca.<\/p>\n<h5>Dimens\u00f5es<\/h5>\n<table>\n<tbody>\n<tr>\n<td width=\"142\">Capacidade<\/td>\n<td width=\"142\">\n<p style=\"text-align: left;\">500 ml<\/p>\n<\/td>\n<\/tr>\n<tr>\n<td width=\"142\">Altura- cm<\/td>\n<td width=\"142\">\n<p style=\"text-align: left;\">20,0<\/p>\n<\/td>\n<\/tr>\n<tr>\n<td width=\"142\">Largura &#8211; cm<\/td>\n<td width=\"142\">\n<p style=\"text-align: left;\">6,2<\/p>\n<\/td>\n<\/tr>\n<tr>\n<td width=\"142\">Circunfer\u00eancia &#8211; cm<\/td>\n<td width=\"142\">\n<p style=\"text-align: left;\">21,5<\/p>\n<\/td>\n<\/tr>\n<tr>\n<td width=\"142\">Gramatura<\/td>\n<td width=\"142\">\n<p style=\"text-align: left;\">17,5<\/p>\n<\/td>\n<\/tr>\n<\/tbody>\n<\/table>\n<h5>Tamanho da Boca<\/h5>\n<p>38 mm.<\/p>\n<h5>Caracter\u00edsticas do Produto<\/h5>\n<p>A garrafa Pet \u00e9 ideal para envase de sucos, detox, mel, caldo de cana, entre muitas outras bebidas. O Pet \u00e9 um material <em><strong>100% transparente<\/strong><\/em> e livre de Bisfenol (BPA free). Dispon\u00edvel no formato Quadrado, tendo um \u00f3timo espa\u00e7o para coloca\u00e7\u00e3o de r\u00f3tulo. O material Pet, al\u00e9m de aumentar a durabilidade do produto envasado, n\u00e3o absorve cor e nem ret\u00e9m cheiro.<br \/>\nSua tampa possui rosca e lacre, uma vez fechado, ao abrir o lacre ser\u00e1 rompido. Esse sistema assegura ao seu cliente um produto ainda mais confi\u00e1vel, trazendo uma credibilidade maior ao seu neg\u00f3cio.<\/p>\n","protected":false},"excerpt":{"rendered":"<p>Caracter\u00edsticas PET quadrada fam\u00edlia. Tampa de rosca. Dimens\u00f5es Capacidade 500 ml Altura- cm 20,0 Largura &#8211; cm 6,2 Circunfer\u00eancia &#8211;<\/p>\n","protected":false},"featured_media":8304,"comment_status":"open","ping_status":"closed","template":"","meta":{"om_disable_all_campaigns":false},"product_brand":[],"product_cat":[41],"product_tag":[100,101,99,102,89,103],"woo-feed-brand":[],"class_list":{"0":"post-8303","1":"product","2":"type-product","3":"status-publish","4":"has-post-thumbnail","6":"product_cat-garrafas-pet","7":"product_tag-garrafa-descartavel","8":"product_tag-garrafa-para-suco","9":"product_tag-garrafa-pet","10":"product_tag-garrafa-pet-descartavel","11":"product_tag-garrafa-plastica","12":"product_tag-pet-descartavel","14":"first","15":"instock","16":"shipping-taxable","17":"purchasable","18":"product-type-variable","19":"has-default-attributes"},"aioseo_notices":[],"_links":{"self":[{"href":"https:\/\/usicomp.com.br\/loja\/wp-json\/wp\/v2\/product\/8303","targetHints":{"allow":["GET"]}}],"collection":[{"href":"https:\/\/usicomp.com.br\/loja\/wp-json\/wp\/v2\/product"}],"about":[{"href":"https:\/\/usicomp.com.br\/loja\/wp-json\/wp\/v2\/types\/product"}],"replies":[{"embeddable":true,"href":"https:\/\/usicomp.com.br\/loja\/wp-json\/wp\/v2\/comments?post=8303"}],"wp:featuredmedia":[{"embeddable":true,"href":"https:\/\/usicomp.com.br\/loja\/wp-json\/wp\/v2\/media\/8304"}],"wp:attachment":[{"href":"https:\/\/usicomp.com.br\/loja\/wp-json\/wp\/v2\/media?parent=8303"}],"wp:term":[{"taxonomy":"product_brand","embeddable":true,"href":"https:\/\/usicomp.com.br\/loja\/wp-json\/wp\/v2\/product_brand?post=8303"},{"taxonomy":"product_cat","embeddable":true,"href":"https:\/\/usicomp.com.br\/loja\/wp-json\/wp\/v2\/product_cat?post=8303"},{"taxonomy":"product_tag","embeddable":true,"href":"https:\/\/usicomp.com.br\/loja\/wp-json\/wp\/v2\/product_tag?post=8303"},{"taxonomy":"woo-feed-brand","embeddable":true,"href":"https:\/\/usicomp.com.br\/loja\/wp-json\/wp\/v2\/woo-feed-brand?post=8303"}],"curies":[{"name":"wp","href":"https:\/\/api.w.org\/{rel}","templated":true}]}}