{"id":8231,"date":"2021-08-31T10:53:30","date_gmt":"2021-08-31T13:53:30","guid":{"rendered":"https:\/\/usicomp.com.br\/loja\/?post_type=product&#038;p=8231"},"modified":"2026-04-27T14:02:22","modified_gmt":"2026-04-27T17:02:22","slug":"garrafa-plastica-300ml-redondo","status":"publish","type":"product","link":"https:\/\/usicomp.com.br\/loja\/product\/garrafa-plastica-300ml-redondo\/","title":{"rendered":"Garrafa Polietileno 300ml Redonda Tampa de Press\u00e3o C\/80 Un"},"content":{"rendered":"<h4>Frasco redondo.<br \/>\nTampa de press\u00e3o.<\/h4>\n<h5>Dimens\u00f5es<\/h5>\n<table>\n<tbody>\n<tr>\n<td width=\"142\">Capacidade<\/td>\n<td width=\"142\">\n<p style=\"text-align: left;\">300 ml<\/p>\n<\/td>\n<\/tr>\n<tr>\n<td width=\"142\">Altura- cm<\/td>\n<td width=\"142\">\n<p style=\"text-align: left;\">14,5<\/p>\n<\/td>\n<\/tr>\n<tr>\n<td width=\"142\">Di\u00e2metro \u2013 cm<\/td>\n<td width=\"142\">\n<p style=\"text-align: left;\">6,0<\/p>\n<\/td>\n<\/tr>\n<tr>\n<td width=\"142\">Circunfer\u00eancia \u2013 cm<\/td>\n<td width=\"142\">\n<p style=\"text-align: left;\">19,0<\/p>\n<\/td>\n<\/tr>\n<\/tbody>\n<\/table>\n<h5>Caracter\u00edsticas do Produto<\/h5>\n<p>A garrafa em Polietileno \u00e9 fabricada com mat\u00e9ria prima Braskem, material esse apropriado para o envase de produtos aliment\u00edcios. Como garantia da Qualidade, nossas garrafas passaram por an\u00e1lise de Migra\u00e7\u00e3o Total, certificando mais uma vez que n\u00e3o transferem subst\u00e2ncias que entram em contato. Dispon\u00edvel no formato Redonda e sua tonalidade \u00e9 \u00a0leitosa.<\/p>\n<p>Garrafa para envase de sucos, vitaminas, iogurte, mel e bebidas.<\/p>\n<p>Sua tampa \u00e9 de press\u00e3o e possui lacre, uma vez fechado, ao abrir o lacre ser\u00e1 rompido. Esse sistema assegura ao consumidor um produto ainda mais confi\u00e1vel, trazendo uma credibilidade maior ao produto envasado e sua marca.<\/p>\n","protected":false},"excerpt":{"rendered":"<p>Frasco redondo. Tampa de press\u00e3o. Dimens\u00f5es Capacidade 300 ml Altura- cm 14,5 Di\u00e2metro \u2013 cm 6,0 Circunfer\u00eancia \u2013 cm 19,0<\/p>\n","protected":false},"featured_media":7961,"comment_status":"open","ping_status":"closed","template":"","meta":{"om_disable_all_campaigns":false},"product_brand":[],"product_cat":[42],"product_tag":[89,90],"woo-feed-brand":[],"class_list":{"0":"post-8231","1":"product","2":"type-product","3":"status-publish","4":"has-post-thumbnail","6":"product_cat-garrafas-plasticas-polietileno","7":"product_tag-garrafa-plastica","8":"product_tag-polietileno","10":"first","11":"instock","12":"shipping-taxable","13":"purchasable","14":"product-type-variable","15":"has-default-attributes"},"aioseo_notices":[],"_links":{"self":[{"href":"https:\/\/usicomp.com.br\/loja\/wp-json\/wp\/v2\/product\/8231","targetHints":{"allow":["GET"]}}],"collection":[{"href":"https:\/\/usicomp.com.br\/loja\/wp-json\/wp\/v2\/product"}],"about":[{"href":"https:\/\/usicomp.com.br\/loja\/wp-json\/wp\/v2\/types\/product"}],"replies":[{"embeddable":true,"href":"https:\/\/usicomp.com.br\/loja\/wp-json\/wp\/v2\/comments?post=8231"}],"wp:featuredmedia":[{"embeddable":true,"href":"https:\/\/usicomp.com.br\/loja\/wp-json\/wp\/v2\/media\/7961"}],"wp:attachment":[{"href":"https:\/\/usicomp.com.br\/loja\/wp-json\/wp\/v2\/media?parent=8231"}],"wp:term":[{"taxonomy":"product_brand","embeddable":true,"href":"https:\/\/usicomp.com.br\/loja\/wp-json\/wp\/v2\/product_brand?post=8231"},{"taxonomy":"product_cat","embeddable":true,"href":"https:\/\/usicomp.com.br\/loja\/wp-json\/wp\/v2\/product_cat?post=8231"},{"taxonomy":"product_tag","embeddable":true,"href":"https:\/\/usicomp.com.br\/loja\/wp-json\/wp\/v2\/product_tag?post=8231"},{"taxonomy":"woo-feed-brand","embeddable":true,"href":"https:\/\/usicomp.com.br\/loja\/wp-json\/wp\/v2\/woo-feed-brand?post=8231"}],"curies":[{"name":"wp","href":"https:\/\/api.w.org\/{rel}","templated":true}]}}