{"id":7991,"date":"2021-06-18T12:04:01","date_gmt":"2021-06-18T15:04:01","guid":{"rendered":"https:\/\/usicomp.com.br\/loja\/?post_type=product&#038;p=7991"},"modified":"2026-04-27T15:58:30","modified_gmt":"2026-04-27T18:58:30","slug":"garrafa-pet-1000ml-redonda-caixa-com-20-unid","status":"publish","type":"product","link":"https:\/\/usicomp.com.br\/loja\/product\/garrafa-pet-1000ml-redonda-caixa-com-20-unid\/","title":{"rendered":"Garrafa Pet 1000ml Redonda com Tampa Rosca C\/20 Un"},"content":{"rendered":"<h5>Caracter\u00edsticas<\/h5>\n<p>PET redonda.<br \/>\nTampa de rosca.<\/p>\n<h5>Dimens\u00f5es<\/h5>\n<table>\n<tbody>\n<tr>\n<td width=\"142\">Capacidade<\/td>\n<td width=\"142\">\n<p style=\"text-align: left;\">1000 ml<\/p>\n<\/td>\n<\/tr>\n<tr>\n<td width=\"142\">Altura- cm<\/td>\n<td width=\"142\">\n<p style=\"text-align: left;\">25,0<\/p>\n<\/td>\n<\/tr>\n<tr>\n<td width=\"142\">Di\u00e2metro &#8211; cm<\/td>\n<td width=\"142\">\n<p style=\"text-align: left;\">8,5<\/p>\n<\/td>\n<\/tr>\n<tr>\n<td width=\"142\">Circunfer\u00eancia &#8211; cm<\/td>\n<td width=\"142\">\n<p style=\"text-align: left;\">26,7<\/p>\n<\/td>\n<\/tr>\n<tr>\n<td width=\"142\">Gramatura<\/td>\n<td width=\"142\">\n<p style=\"text-align: left;\">28,0<\/p>\n<\/td>\n<\/tr>\n<\/tbody>\n<\/table>\n<h5>Tamanho da Boca<\/h5>\n<p>38 mm.<\/p>\n<h5>Caracter\u00edsticas do produto<\/h5>\n<p>A garrafa Pet \u00e9 ideal para envase de sucos, detox, mel, caldo de cana, entre muitas outras bebidas. O Pet \u00e9 um material <em><strong>100% transparente<\/strong><\/em> e livre de Bisfenol (BPA free). Dispon\u00edvel no formato Redondo, tendo um \u00f3timo espa\u00e7o para coloca\u00e7\u00e3o de r\u00f3tulo. O material Pet, al\u00e9m de aumentar a durabilidade do produto envasado, n\u00e3o absorve cor e nem ret\u00e9m cheiro.<br \/>\nSua tampa possui rosca e lacre, uma vez fechado, ao abrir o lacre ser\u00e1 rompido. Esse sistema assegura ao seu cliente um produto ainda mais confi\u00e1vel, trazendo uma credibilidade maior ao seu neg\u00f3cio.<\/p>\n","protected":false},"excerpt":{"rendered":"<p>Caracter\u00edsticas PET redonda. Tampa de rosca. Dimens\u00f5es Capacidade 1000 ml Altura- cm 25,0 Di\u00e2metro &#8211; cm 8,5 Circunfer\u00eancia &#8211; cm<\/p>\n","protected":false},"featured_media":7986,"comment_status":"open","ping_status":"closed","template":"","meta":{"om_disable_all_campaigns":false},"product_brand":[],"product_cat":[41],"product_tag":[],"woo-feed-brand":[],"class_list":{"0":"post-7991","1":"product","2":"type-product","3":"status-publish","4":"has-post-thumbnail","6":"product_cat-garrafas-pet","8":"first","9":"instock","10":"shipping-taxable","11":"purchasable","12":"product-type-variable","13":"has-default-attributes"},"aioseo_notices":[],"_links":{"self":[{"href":"https:\/\/usicomp.com.br\/loja\/wp-json\/wp\/v2\/product\/7991","targetHints":{"allow":["GET"]}}],"collection":[{"href":"https:\/\/usicomp.com.br\/loja\/wp-json\/wp\/v2\/product"}],"about":[{"href":"https:\/\/usicomp.com.br\/loja\/wp-json\/wp\/v2\/types\/product"}],"replies":[{"embeddable":true,"href":"https:\/\/usicomp.com.br\/loja\/wp-json\/wp\/v2\/comments?post=7991"}],"wp:featuredmedia":[{"embeddable":true,"href":"https:\/\/usicomp.com.br\/loja\/wp-json\/wp\/v2\/media\/7986"}],"wp:attachment":[{"href":"https:\/\/usicomp.com.br\/loja\/wp-json\/wp\/v2\/media?parent=7991"}],"wp:term":[{"taxonomy":"product_brand","embeddable":true,"href":"https:\/\/usicomp.com.br\/loja\/wp-json\/wp\/v2\/product_brand?post=7991"},{"taxonomy":"product_cat","embeddable":true,"href":"https:\/\/usicomp.com.br\/loja\/wp-json\/wp\/v2\/product_cat?post=7991"},{"taxonomy":"product_tag","embeddable":true,"href":"https:\/\/usicomp.com.br\/loja\/wp-json\/wp\/v2\/product_tag?post=7991"},{"taxonomy":"woo-feed-brand","embeddable":true,"href":"https:\/\/usicomp.com.br\/loja\/wp-json\/wp\/v2\/woo-feed-brand?post=7991"}],"curies":[{"name":"wp","href":"https:\/\/api.w.org\/{rel}","templated":true}]}}