{"id":7920,"date":"2021-06-17T18:37:01","date_gmt":"2021-06-17T21:37:01","guid":{"rendered":"https:\/\/usicomp.com.br\/loja\/?post_type=product&#038;p=7920"},"modified":"2026-04-27T14:12:05","modified_gmt":"2026-04-27T17:12:05","slug":"kit-garrafas-pet-redonda","status":"publish","type":"product","link":"https:\/\/usicomp.com.br\/loja\/product\/kit-garrafas-pet-redonda\/","title":{"rendered":"KIT DE GARRAFAS PET Redonda com Tampa Rosca. Caixa C\/36 Un"},"content":{"rendered":"","protected":false},"excerpt":{"rendered":"<h5>Caracter\u00edsticas<\/h5>\n<p>Kit com:<\/p>\n<ul>\n<li>12 unidades de frasco de 300 ml.<\/li>\n<li>12 unidades de frasco de 500 ml.<\/li>\n<li>12 unidades de frasco de 1000 ml<\/li>\n<\/ul>\n<h5><strong>Dimens\u00f5es<\/strong><\/h5>\n<table>\n<tbody>\n<tr>\n<td width=\"142\">Capacidade<\/td>\n<td width=\"142\">\n<p style=\"text-align: center;\">300 ml<\/p>\n<\/td>\n<td style=\"text-align: center;\" width=\"142\">500 ml<\/td>\n<td width=\"142\">\n<p style=\"text-align: center;\">1000 ml<\/p>\n<\/td>\n<\/tr>\n<tr>\n<td width=\"142\">Altura- cm<\/td>\n<td width=\"142\">\n<p style=\"text-align: center;\">15,5<\/p>\n<\/td>\n<td style=\"text-align: center;\" width=\"142\">20,5<\/td>\n<td width=\"142\">\n<p style=\"text-align: center;\">25,0<\/p>\n<\/td>\n<\/tr>\n<tr>\n<td width=\"142\">Di\u00e2metro &#8211; cm<\/td>\n<td width=\"142\">\n<p style=\"text-align: center;\">6,0<\/p>\n<\/td>\n<td style=\"text-align: center;\" width=\"142\">\u00a06,7<\/td>\n<td width=\"142\">\n<p style=\"text-align: center;\">8,5<\/p>\n<\/td>\n<\/tr>\n<tr>\n<td width=\"142\">Circunfer\u00eancia &#8211; cm<\/td>\n<td width=\"142\">\n<p style=\"text-align: center;\">18,9<\/p>\n<\/td>\n<td width=\"142\">\n<p style=\"text-align: center;\">21,5<\/p>\n<\/td>\n<td width=\"142\">\n<p style=\"text-align: center;\">26,7<\/p>\n<\/td>\n<\/tr>\n<tr>\n<td width=\"142\">Gramatura<\/td>\n<td width=\"142\">\n<p style=\"text-align: center;\">17,5<\/p>\n<\/td>\n<td style=\"text-align: center;\" width=\"142\">17,5<\/td>\n<td width=\"142\">\n<p style=\"text-align: center;\">28,0<\/p>\n<\/td>\n<\/tr>\n<\/tbody>\n<\/table>\n<h5>Tamanho da Boca:<\/h5>\n<p>Boca 38 mm.<\/p>\n<h5><strong>Descri\u00e7\u00e3o do Produto<\/strong><\/h5>\n<p>A garrafa Pet \u00e9 ideal para envase de sucos, detox, mel, caldo de cana, entre muitas outras bebidas. O Pet \u00e9 um material <em><strong>100% transparente<\/strong><\/em> e livre de Bisfenol (BPA free). Dispon\u00edvel no formato Redonda, tendo um \u00f3timo espa\u00e7o para coloca\u00e7\u00e3o de r\u00f3tulo. O material Pet, al\u00e9m de aumentar a durabilidade do produto envasado, n\u00e3o absorve cor e nem ret\u00e9m cheiro.<br \/>\nSua tampa possui rosca e lacre, uma vez fechado, ao abrir o lacre ser\u00e1 rompido. Esse sistema assegura ao seu cliente um produto ainda mais confi\u00e1vel, trazendo uma credibilidade maior ao seu neg\u00f3cio.<\/p>\n","protected":false},"featured_media":7918,"comment_status":"open","ping_status":"closed","template":"","meta":{"om_disable_all_campaigns":false},"product_brand":[],"product_cat":[41],"product_tag":[],"woo-feed-brand":[],"class_list":{"0":"post-7920","1":"product","2":"type-product","3":"status-publish","4":"has-post-thumbnail","6":"product_cat-garrafas-pet","8":"first","9":"instock","10":"shipping-taxable","11":"purchasable","12":"product-type-variable","13":"has-default-attributes"},"aioseo_notices":[],"_links":{"self":[{"href":"https:\/\/usicomp.com.br\/loja\/wp-json\/wp\/v2\/product\/7920","targetHints":{"allow":["GET"]}}],"collection":[{"href":"https:\/\/usicomp.com.br\/loja\/wp-json\/wp\/v2\/product"}],"about":[{"href":"https:\/\/usicomp.com.br\/loja\/wp-json\/wp\/v2\/types\/product"}],"replies":[{"embeddable":true,"href":"https:\/\/usicomp.com.br\/loja\/wp-json\/wp\/v2\/comments?post=7920"}],"wp:featuredmedia":[{"embeddable":true,"href":"https:\/\/usicomp.com.br\/loja\/wp-json\/wp\/v2\/media\/7918"}],"wp:attachment":[{"href":"https:\/\/usicomp.com.br\/loja\/wp-json\/wp\/v2\/media?parent=7920"}],"wp:term":[{"taxonomy":"product_brand","embeddable":true,"href":"https:\/\/usicomp.com.br\/loja\/wp-json\/wp\/v2\/product_brand?post=7920"},{"taxonomy":"product_cat","embeddable":true,"href":"https:\/\/usicomp.com.br\/loja\/wp-json\/wp\/v2\/product_cat?post=7920"},{"taxonomy":"product_tag","embeddable":true,"href":"https:\/\/usicomp.com.br\/loja\/wp-json\/wp\/v2\/product_tag?post=7920"},{"taxonomy":"woo-feed-brand","embeddable":true,"href":"https:\/\/usicomp.com.br\/loja\/wp-json\/wp\/v2\/woo-feed-brand?post=7920"}],"curies":[{"name":"wp","href":"https:\/\/api.w.org\/{rel}","templated":true}]}}