{"id":7575,"date":"2021-02-26T15:22:33","date_gmt":"2021-02-26T18:22:33","guid":{"rendered":"http:\/\/usicomp.com.br\/loja\/?post_type=product&#038;p=7575"},"modified":"2025-10-28T09:35:51","modified_gmt":"2025-10-28T12:35:51","slug":"garrafa-plastica-1000ml-1litro-quadrada","status":"publish","type":"product","link":"https:\/\/usicomp.com.br\/loja\/product\/garrafa-plastica-1000ml-1litro-quadrada\/","title":{"rendered":"Garrafa Polietileno 1000ml Quadrada Tampa de Rosca C\/30 Un"},"content":{"rendered":"<h4>Frasco quadrado.<br \/>\nTampa de rosca.<\/h4>\n<h5>Dimens\u00f5es<\/h5>\n<table>\n<tbody>\n<tr>\n<td width=\"142\">Capacidade<\/td>\n<td width=\"142\">\n<p style=\"text-align: left\">1000 ml<\/p>\n<\/td>\n<\/tr>\n<tr>\n<td width=\"142\">Altura- cm<\/td>\n<td width=\"142\">\n<p style=\"text-align: left\">23,0<\/p>\n<\/td>\n<\/tr>\n<tr>\n<td width=\"142\">Largura \u2013 cm<\/td>\n<td width=\"142\">\n<p style=\"text-align: left\">8,0<\/p>\n<\/td>\n<\/tr>\n<tr>\n<td width=\"142\">Circunfer\u00eancia \u2013 cm<\/td>\n<td width=\"142\">\n<p style=\"text-align: left\">27,0<\/p>\n<\/td>\n<\/tr>\n<\/tbody>\n<\/table>\n<h5>Caracter\u00edsticas do Produto<\/h5>\n<p>A garrafa em Polietileno \u00e9 fabricada com mat\u00e9ria prima <strong><em>Braskem<\/em><\/strong>, material esse apropriado para o envase de produtos aliment\u00edcios. Como garantia da Qualidade, nossas garrafas passaram por an\u00e1lise de <u>Migra\u00e7\u00e3o Total<\/u>, certificando mais uma vez que n\u00e3o transferem subst\u00e2ncias que entram em contato. Dispon\u00edvel no formato Quadrada, e sua tonalidade \u00e9 \u00a0leitosa.<\/p>\n<p>Garrafa para envase de sucos, vitaminas, iogurte, mel e bebidas.<\/p>\n<p>Sua tampa \u00e9 de rosca fina e possui lacre, uma vez fechado, ao abrir o lacre ser\u00e1 rompido. Esse sistema assegura ao consumidor um produto ainda mais confi\u00e1vel, trazendo uma credibilidade maior ao produto envasado e sua marca.<\/p>\n","protected":false},"excerpt":{"rendered":"<p>Frasco quadrado. Tampa de rosca. Dimens\u00f5es Capacidade 1000 ml Altura- cm 23,0 Largura \u2013 cm 8,0 Circunfer\u00eancia \u2013 cm 27,0<\/p>\n","protected":false},"featured_media":7576,"comment_status":"open","ping_status":"closed","template":"","meta":{"om_disable_all_campaigns":false},"product_brand":[],"product_cat":[42],"product_tag":[100,101,99,102,89,103,90],"woo-feed-brand":[],"class_list":{"0":"post-7575","1":"product","2":"type-product","3":"status-publish","4":"has-post-thumbnail","6":"product_cat-garrafas-plasticas-polietileno","7":"product_tag-garrafa-descartavel","8":"product_tag-garrafa-para-suco","9":"product_tag-garrafa-pet","10":"product_tag-garrafa-pet-descartavel","11":"product_tag-garrafa-plastica","12":"product_tag-pet-descartavel","13":"product_tag-polietileno","15":"first","16":"instock","17":"shipping-taxable","18":"purchasable","19":"product-type-variable","20":"has-default-attributes"},"aioseo_notices":[],"_links":{"self":[{"href":"https:\/\/usicomp.com.br\/loja\/wp-json\/wp\/v2\/product\/7575","targetHints":{"allow":["GET"]}}],"collection":[{"href":"https:\/\/usicomp.com.br\/loja\/wp-json\/wp\/v2\/product"}],"about":[{"href":"https:\/\/usicomp.com.br\/loja\/wp-json\/wp\/v2\/types\/product"}],"replies":[{"embeddable":true,"href":"https:\/\/usicomp.com.br\/loja\/wp-json\/wp\/v2\/comments?post=7575"}],"wp:featuredmedia":[{"embeddable":true,"href":"https:\/\/usicomp.com.br\/loja\/wp-json\/wp\/v2\/media\/7576"}],"wp:attachment":[{"href":"https:\/\/usicomp.com.br\/loja\/wp-json\/wp\/v2\/media?parent=7575"}],"wp:term":[{"taxonomy":"product_brand","embeddable":true,"href":"https:\/\/usicomp.com.br\/loja\/wp-json\/wp\/v2\/product_brand?post=7575"},{"taxonomy":"product_cat","embeddable":true,"href":"https:\/\/usicomp.com.br\/loja\/wp-json\/wp\/v2\/product_cat?post=7575"},{"taxonomy":"product_tag","embeddable":true,"href":"https:\/\/usicomp.com.br\/loja\/wp-json\/wp\/v2\/product_tag?post=7575"},{"taxonomy":"woo-feed-brand","embeddable":true,"href":"https:\/\/usicomp.com.br\/loja\/wp-json\/wp\/v2\/woo-feed-brand?post=7575"}],"curies":[{"name":"wp","href":"https:\/\/api.w.org\/{rel}","templated":true}]}}