{"id":45,"date":"2017-06-14T08:22:56","date_gmt":"2017-06-14T11:22:56","guid":{"rendered":"http:\/\/dummy.xtemos.com\/woodmart\/?post_type=product&#038;p=45"},"modified":"2026-04-27T14:51:21","modified_gmt":"2026-04-27T17:51:21","slug":"garrafa-pet-500ml-redonda","status":"publish","type":"product","link":"https:\/\/usicomp.com.br\/loja\/product\/garrafa-pet-500ml-redonda\/","title":{"rendered":"Garrafa Pet 500ml Redonda com Tampa Rosca C\/45 Un"},"content":{"rendered":"<h5>Caracter\u00edsticas<\/h5>\n<p>PET redonda.<br \/>\nTampa de rosca.<\/p>\n<h5><strong>Dimens\u00f5es<\/strong><\/h5>\n<table>\n<tbody>\n<tr>\n<td width=\"142\">Capacidade<\/td>\n<td width=\"142\">500 ml<\/td>\n<\/tr>\n<tr>\n<td width=\"142\">Altura- cm<\/td>\n<td style=\"text-align: left;\" width=\"142\">20,5<\/td>\n<\/tr>\n<tr>\n<td width=\"142\">Di\u00e2metro \u2013 cm<\/td>\n<td style=\"text-align: left;\" width=\"142\">6,7<\/td>\n<\/tr>\n<tr>\n<td width=\"142\">Circunfer\u00eancia &#8211; cm<\/td>\n<td style=\"text-align: left;\" width=\"142\">21,5<\/td>\n<\/tr>\n<tr>\n<td width=\"142\">Gramatura<\/td>\n<td style=\"text-align: left;\" width=\"142\">17,5<\/td>\n<\/tr>\n<\/tbody>\n<\/table>\n<h5>Tamanho da Boca<\/h5>\n<p>38 mm.<\/p>\n<h5>Caracter\u00edsticas do Produto<\/h5>\n<p>A garrafa Pet \u00e9 ideal para envase de sucos, detox, mel, caldo de cana, entre muitas outras bebidas. O Pet \u00e9 um material <em><strong>100% transparente<\/strong><\/em> e livre de Bisfenol (BPA free). Dispon\u00edvel no formato Redondo, tendo um \u00f3timo espa\u00e7o para coloca\u00e7\u00e3o de r\u00f3tulo. O material Pet, al\u00e9m de aumentar a durabilidade do produto envasado, n\u00e3o absorve cor e nem ret\u00e9m cheiro.<br \/>\nSua tampa possui rosca e lacre, uma vez fechado, ao abrir o lacre ser\u00e1 rompido. Esse sistema assegura ao seu cliente um produto ainda mais confi\u00e1vel, trazendo uma credibilidade maior ao seu neg\u00f3cio.<\/p>\n","protected":false},"excerpt":{"rendered":"<p>Caracter\u00edsticas PET redonda. Tampa de rosca. Dimens\u00f5es Capacidade 500 ml Altura- cm 20,5 Di\u00e2metro \u2013 cm 6,7 Circunfer\u00eancia &#8211; cm<\/p>\n","protected":false},"featured_media":7398,"comment_status":"open","ping_status":"closed","template":"","meta":{"om_disable_all_campaigns":false},"product_brand":[],"product_cat":[41],"product_tag":[],"woo-feed-brand":[],"class_list":{"0":"post-45","1":"product","2":"type-product","3":"status-publish","4":"has-post-thumbnail","6":"product_cat-garrafas-pet","8":"first","9":"instock","10":"shipping-taxable","11":"purchasable","12":"product-type-variable","13":"has-default-attributes"},"aioseo_notices":[],"_links":{"self":[{"href":"https:\/\/usicomp.com.br\/loja\/wp-json\/wp\/v2\/product\/45","targetHints":{"allow":["GET"]}}],"collection":[{"href":"https:\/\/usicomp.com.br\/loja\/wp-json\/wp\/v2\/product"}],"about":[{"href":"https:\/\/usicomp.com.br\/loja\/wp-json\/wp\/v2\/types\/product"}],"replies":[{"embeddable":true,"href":"https:\/\/usicomp.com.br\/loja\/wp-json\/wp\/v2\/comments?post=45"}],"wp:featuredmedia":[{"embeddable":true,"href":"https:\/\/usicomp.com.br\/loja\/wp-json\/wp\/v2\/media\/7398"}],"wp:attachment":[{"href":"https:\/\/usicomp.com.br\/loja\/wp-json\/wp\/v2\/media?parent=45"}],"wp:term":[{"taxonomy":"product_brand","embeddable":true,"href":"https:\/\/usicomp.com.br\/loja\/wp-json\/wp\/v2\/product_brand?post=45"},{"taxonomy":"product_cat","embeddable":true,"href":"https:\/\/usicomp.com.br\/loja\/wp-json\/wp\/v2\/product_cat?post=45"},{"taxonomy":"product_tag","embeddable":true,"href":"https:\/\/usicomp.com.br\/loja\/wp-json\/wp\/v2\/product_tag?post=45"},{"taxonomy":"woo-feed-brand","embeddable":true,"href":"https:\/\/usicomp.com.br\/loja\/wp-json\/wp\/v2\/woo-feed-brand?post=45"}],"curies":[{"name":"wp","href":"https:\/\/api.w.org\/{rel}","templated":true}]}}