{"id":42804,"date":"2025-10-17T12:08:17","date_gmt":"2025-10-17T15:08:17","guid":{"rendered":"https:\/\/usicomp.com.br\/loja\/?post_type=product&#038;p=42804"},"modified":"2026-04-27T13:13:53","modified_gmt":"2026-04-27T16:13:53","slug":"garrafa-pet-safira-1500ml-quadrada-com-tampa-rosca-alca-16-un","status":"publish","type":"product","link":"https:\/\/usicomp.com.br\/loja\/product\/garrafa-pet-safira-1500ml-quadrada-com-tampa-rosca-alca-16-un\/","title":{"rendered":"Garrafa Pet Safira 1,5L Quadrada com Tampa Rosca e Al\u00e7a C\/16 Un"},"content":{"rendered":"<h5>Caracter\u00edsticas<\/h5>\n<p>Nova Garrafa PET Safira 1,5 Litros.<br \/>\nCom al\u00e7a branca.<br \/>\nTampa de rosca.<\/p>\n<h5>Dimens\u00f5es<\/h5>\n<table>\n<tbody>\n<tr>\n<td width=\"142\">Capacidade<\/td>\n<td width=\"142\">\n<p style=\"text-align: left;\">1500 ml<\/p>\n<\/td>\n<\/tr>\n<tr>\n<td width=\"142\">\n<p style=\"text-align: left;\">Altura<\/p>\n<\/td>\n<td width=\"142\">\n<p style=\"text-align: left;\">26,5 cm<\/p>\n<\/td>\n<\/tr>\n<tr>\n<td width=\"142\">\n<p style=\"text-align: left;\">Di\u00e2metro<\/p>\n<\/td>\n<td width=\"142\">\n<p style=\"text-align: left;\">8 cm<\/p>\n<\/td>\n<\/tr>\n<tr>\n<td width=\"142\">\n<p style=\"text-align: left;\">Circunfer\u00eancia<\/p>\n<\/td>\n<td width=\"142\">\n<p style=\"text-align: left;\">29,5 cm<\/p>\n<\/td>\n<\/tr>\n<tr>\n<td width=\"142\">\n<p style=\"text-align: left;\">Gramatura<\/p>\n<\/td>\n<td style=\"text-align: left;\" width=\"142\">28<\/td>\n<\/tr>\n<\/tbody>\n<\/table>\n<h5><span style=\"color: #1b1919;\">Tamanho da Boca\u00a0 <\/span><\/h5>\n<p><span style=\"color: #1b1919;\">38 mm.<\/span><\/p>\n<h5><span style=\"color: #1b1919;\">Caracter\u00edsticas do Produto<\/span><\/h5>\n<p>A garrafa Pet \u00e9 ideal para envase de sucos, detox, mel, caldo de cana, entre muitas outras bebidas. O Pet \u00e9 um material <em><strong>100% transparente<\/strong><\/em> e livre de Bisfenol (BPA free). Dispon\u00edvel no formato redondo, tendo um \u00f3timo espa\u00e7o para coloca\u00e7\u00e3o de r\u00f3tulo. O material Pet, al\u00e9m de aumentar a durabilidade do produto envasado, n\u00e3o absorve cor e nem ret\u00e9m cheiro.<br \/>\nSua tampa possui rosca e lacre, uma vez fechado, ao abrir o lacre ser\u00e1 rompido. Esse sistema assegura ao seu cliente um produto ainda mais confi\u00e1vel, trazendo uma credibilidade maior ao seu neg\u00f3cio.<\/p>\n","protected":false},"excerpt":{"rendered":"<p>Caracter\u00edsticas Nova Garrafa PET Safira 1,5 Litros. Com al\u00e7a branca. Tampa de rosca. Dimens\u00f5es Capacidade 1500 ml Altura 26,5 cm<\/p>\n","protected":false},"featured_media":42815,"comment_status":"open","ping_status":"closed","template":"","meta":{"om_disable_all_campaigns":false},"product_brand":[],"product_cat":[41],"product_tag":[100,101,99,89],"woo-feed-brand":[],"class_list":{"0":"post-42804","1":"product","2":"type-product","3":"status-publish","4":"has-post-thumbnail","6":"product_cat-garrafas-pet","7":"product_tag-garrafa-descartavel","8":"product_tag-garrafa-para-suco","9":"product_tag-garrafa-pet","10":"product_tag-garrafa-plastica","12":"first","13":"instock","14":"shipping-taxable","15":"purchasable","16":"product-type-variable"},"aioseo_notices":[],"_links":{"self":[{"href":"https:\/\/usicomp.com.br\/loja\/wp-json\/wp\/v2\/product\/42804","targetHints":{"allow":["GET"]}}],"collection":[{"href":"https:\/\/usicomp.com.br\/loja\/wp-json\/wp\/v2\/product"}],"about":[{"href":"https:\/\/usicomp.com.br\/loja\/wp-json\/wp\/v2\/types\/product"}],"replies":[{"embeddable":true,"href":"https:\/\/usicomp.com.br\/loja\/wp-json\/wp\/v2\/comments?post=42804"}],"wp:featuredmedia":[{"embeddable":true,"href":"https:\/\/usicomp.com.br\/loja\/wp-json\/wp\/v2\/media\/42815"}],"wp:attachment":[{"href":"https:\/\/usicomp.com.br\/loja\/wp-json\/wp\/v2\/media?parent=42804"}],"wp:term":[{"taxonomy":"product_brand","embeddable":true,"href":"https:\/\/usicomp.com.br\/loja\/wp-json\/wp\/v2\/product_brand?post=42804"},{"taxonomy":"product_cat","embeddable":true,"href":"https:\/\/usicomp.com.br\/loja\/wp-json\/wp\/v2\/product_cat?post=42804"},{"taxonomy":"product_tag","embeddable":true,"href":"https:\/\/usicomp.com.br\/loja\/wp-json\/wp\/v2\/product_tag?post=42804"},{"taxonomy":"woo-feed-brand","embeddable":true,"href":"https:\/\/usicomp.com.br\/loja\/wp-json\/wp\/v2\/woo-feed-brand?post=42804"}],"curies":[{"name":"wp","href":"https:\/\/api.w.org\/{rel}","templated":true}]}}