{"id":38325,"date":"2023-08-03T15:28:33","date_gmt":"2023-08-03T18:28:33","guid":{"rendered":"https:\/\/usicomp.com.br\/loja\/?post_type=product&#038;p=38325"},"modified":"2025-12-01T09:35:03","modified_gmt":"2025-12-01T12:35:03","slug":"combo-garrafa-pet-1000ml-quadrada-familia-com-tampa-rosca-c-90un","status":"publish","type":"product","link":"https:\/\/usicomp.com.br\/loja\/product\/combo-garrafa-pet-1000ml-quadrada-familia-com-tampa-rosca-c-90un\/","title":{"rendered":"Combo 3 Caixas Garrafa Pet 1000ml Quadrada Fam\u00edlia com Tampa Rosca C\/ 90 Un. Cada caixa com 30 Un."},"content":{"rendered":"<h5>Caracter\u00edsticas<\/h5>\n<p>PET quadrada fam\u00edlia.<br \/>\nTampa de rosca.<\/p>\n<h5>Dimens\u00f5es<\/h5>\n<table>\n<tbody>\n<tr>\n<td width=\"142\">Capacidade<\/td>\n<td width=\"142\">\n<p style=\"text-align: left\">1000 ml<\/p>\n<\/td>\n<\/tr>\n<tr>\n<td width=\"142\">\n<p style=\"text-align: left\">Altura- cm<\/p>\n<\/td>\n<td width=\"142\">\n<p style=\"text-align: left\">25,0<\/p>\n<\/td>\n<\/tr>\n<tr>\n<td width=\"142\">\n<p style=\"text-align: left\">Largura &#8211; cm<\/p>\n<\/td>\n<td width=\"142\">\n<p style=\"text-align: left\">6,0<\/p>\n<\/td>\n<\/tr>\n<tr>\n<td width=\"142\">\n<p style=\"text-align: left\">Circunfer\u00eancia &#8211; cm<\/p>\n<\/td>\n<td width=\"142\">\n<p style=\"text-align: left\">25,5<\/p>\n<\/td>\n<\/tr>\n<tr>\n<td width=\"142\">\n<p style=\"text-align: left\">Gramatura<\/p>\n<\/td>\n<td style=\"text-align: left\" width=\"142\">28,0<\/td>\n<\/tr>\n<\/tbody>\n<\/table>\n<h5><span style=\"color: #1b1919\">Tamanho da Boca\u00a0 <\/span><\/h5>\n<p><span style=\"color: #1b1919\">38 mm.<\/span><\/p>\n<h5><span style=\"color: #1b1919\">Caracter\u00edsticas do Produto<\/span><\/h5>\n<p>A garrafa Pet \u00e9 ideal para envase de sucos, detox, mel, caldo de cana, entre muitas outras bebidas. O Pet \u00e9 um material <em><strong>100% transparente<\/strong><\/em> e livre de Bisfenol (BPA free). Dispon\u00edvel no formato Quadrado, tendo um \u00f3timo espa\u00e7o para coloca\u00e7\u00e3o de r\u00f3tulo. O material Pet, al\u00e9m de aumentar a durabilidade do produto envasado, n\u00e3o absorve cor e nem ret\u00e9m cheiro.<br \/>\nSua tampa possui rosca e lacre, uma vez fechado, ao abrir o lacre ser\u00e1 rompido. Esse sistema assegura ao seu cliente um produto ainda mais confi\u00e1vel, trazendo uma credibilidade maior ao seu neg\u00f3cio.<\/p>\n","protected":false},"excerpt":{"rendered":"<p>Caracter\u00edsticas PET quadrada fam\u00edlia. Tampa de rosca. Dimens\u00f5es Capacidade 1000 ml Altura- cm 25,0 Largura &#8211; cm 6,0 Circunfer\u00eancia &#8211;<\/p>\n","protected":false},"featured_media":42962,"comment_status":"open","ping_status":"closed","template":"","meta":{"om_disable_all_campaigns":false},"product_brand":[],"product_cat":[104],"product_tag":[100,101,99,102,89,103],"woo-feed-brand":[],"class_list":{"0":"post-38325","1":"product","2":"type-product","3":"status-publish","4":"has-post-thumbnail","6":"product_cat-combo-caixas-garrafas-pet","7":"product_tag-garrafa-descartavel","8":"product_tag-garrafa-para-suco","9":"product_tag-garrafa-pet","10":"product_tag-garrafa-pet-descartavel","11":"product_tag-garrafa-plastica","12":"product_tag-pet-descartavel","14":"first","15":"instock","16":"shipping-taxable","17":"purchasable","18":"product-type-variable"},"aioseo_notices":[],"_links":{"self":[{"href":"https:\/\/usicomp.com.br\/loja\/wp-json\/wp\/v2\/product\/38325","targetHints":{"allow":["GET"]}}],"collection":[{"href":"https:\/\/usicomp.com.br\/loja\/wp-json\/wp\/v2\/product"}],"about":[{"href":"https:\/\/usicomp.com.br\/loja\/wp-json\/wp\/v2\/types\/product"}],"replies":[{"embeddable":true,"href":"https:\/\/usicomp.com.br\/loja\/wp-json\/wp\/v2\/comments?post=38325"}],"wp:featuredmedia":[{"embeddable":true,"href":"https:\/\/usicomp.com.br\/loja\/wp-json\/wp\/v2\/media\/42962"}],"wp:attachment":[{"href":"https:\/\/usicomp.com.br\/loja\/wp-json\/wp\/v2\/media?parent=38325"}],"wp:term":[{"taxonomy":"product_brand","embeddable":true,"href":"https:\/\/usicomp.com.br\/loja\/wp-json\/wp\/v2\/product_brand?post=38325"},{"taxonomy":"product_cat","embeddable":true,"href":"https:\/\/usicomp.com.br\/loja\/wp-json\/wp\/v2\/product_cat?post=38325"},{"taxonomy":"product_tag","embeddable":true,"href":"https:\/\/usicomp.com.br\/loja\/wp-json\/wp\/v2\/product_tag?post=38325"},{"taxonomy":"woo-feed-brand","embeddable":true,"href":"https:\/\/usicomp.com.br\/loja\/wp-json\/wp\/v2\/woo-feed-brand?post=38325"}],"curies":[{"name":"wp","href":"https:\/\/api.w.org\/{rel}","templated":true}]}}