{"id":38148,"date":"2023-05-04T15:41:47","date_gmt":"2023-05-04T18:41:47","guid":{"rendered":"https:\/\/usicomp.com.br\/loja\/?post_type=product&#038;p=38148"},"modified":"2026-04-28T11:04:56","modified_gmt":"2026-04-28T14:04:56","slug":"combo-3-caixas-garrafa-pet-300ml-quadrada-familia-com-rotulo-e-tampa","status":"publish","type":"product","link":"https:\/\/usicomp.com.br\/loja\/product\/combo-3-caixas-garrafa-pet-300ml-quadrada-familia-com-rotulo-e-tampa\/","title":{"rendered":"Combo 3 Caixas Garrafa Pet 300ml Quadrada Fam\u00edlia com Rotulo e Tampa"},"content":{"rendered":"<h5>Caracter\u00edsticas<\/h5>\n<p>PET quadrada fam\u00edlia.<br \/>\nTampa de rosca.<\/p>\n<h5>Dimens\u00f5es<\/h5>\n<table>\n<tbody>\n<tr>\n<td width=\"142\">Capacidade<\/td>\n<td width=\"142\">300 ml<\/td>\n<\/tr>\n<tr>\n<td width=\"142\">Altura- cm<\/td>\n<td width=\"142\">15,5<\/td>\n<\/tr>\n<tr>\n<td width=\"142\">Largura \u2013 cm<\/td>\n<td width=\"142\">5,0<\/td>\n<\/tr>\n<tr>\n<td width=\"142\">Circunfer\u00eancia \u2013 cm<\/td>\n<td width=\"142\">19,0<\/td>\n<\/tr>\n<tr>\n<td width=\"142\">Gramatura<\/td>\n<td width=\"142\">18,0<\/td>\n<\/tr>\n<\/tbody>\n<\/table>\n<h5>Tamanho da Boca<\/h5>\n<p>Boca 38mm.<\/p>\n<h5>Caracter\u00edsticas do Produto<\/h5>\n<p>A garrafa Pet \u00e9 ideal para envase de sucos, detox, mel, caldo de cana, entre muitas outras bebidas. O Pet \u00e9 um material\u00a0<em><strong>100% transparente<\/strong><\/em>\u00a0e livre de Bisfenol (BPA free). Dispon\u00edvel no formato Quadrado, tendo um \u00f3timo espa\u00e7o para coloca\u00e7\u00e3o de r\u00f3tulo. O material Pet, al\u00e9m de aumentar a durabilidade do produto envasado, n\u00e3o absorve cor e nem ret\u00e9m cheiro.<br \/>\nSua tampa possui rosca e lacre, uma vez fechado, ao abrir o lacre ser\u00e1 rompido. Esse sistema assegura ao seu cliente um produto ainda mais confi\u00e1vel, trazendo uma credibilidade maior ao seu neg\u00f3cio.<\/p>\n","protected":false},"excerpt":{"rendered":"<p>Caracter\u00edsticas PET quadrada fam\u00edlia. Tampa de rosca. Dimens\u00f5es Capacidade 300 ml Altura- cm 15,5 Largura \u2013 cm 5,0 Circunfer\u00eancia \u2013<\/p>\n","protected":false},"featured_media":38163,"comment_status":"closed","ping_status":"closed","template":"","meta":{"om_disable_all_campaigns":false},"product_brand":[],"product_cat":[104],"product_tag":[],"woo-feed-brand":[],"class_list":{"0":"post-38148","1":"product","2":"type-product","3":"status-publish","4":"has-post-thumbnail","6":"product_cat-combo-caixas-garrafas-pet","8":"first","9":"instock","10":"shipping-taxable","11":"purchasable","12":"product-type-variable"},"aioseo_notices":[],"_links":{"self":[{"href":"https:\/\/usicomp.com.br\/loja\/wp-json\/wp\/v2\/product\/38148","targetHints":{"allow":["GET"]}}],"collection":[{"href":"https:\/\/usicomp.com.br\/loja\/wp-json\/wp\/v2\/product"}],"about":[{"href":"https:\/\/usicomp.com.br\/loja\/wp-json\/wp\/v2\/types\/product"}],"replies":[{"embeddable":true,"href":"https:\/\/usicomp.com.br\/loja\/wp-json\/wp\/v2\/comments?post=38148"}],"wp:featuredmedia":[{"embeddable":true,"href":"https:\/\/usicomp.com.br\/loja\/wp-json\/wp\/v2\/media\/38163"}],"wp:attachment":[{"href":"https:\/\/usicomp.com.br\/loja\/wp-json\/wp\/v2\/media?parent=38148"}],"wp:term":[{"taxonomy":"product_brand","embeddable":true,"href":"https:\/\/usicomp.com.br\/loja\/wp-json\/wp\/v2\/product_brand?post=38148"},{"taxonomy":"product_cat","embeddable":true,"href":"https:\/\/usicomp.com.br\/loja\/wp-json\/wp\/v2\/product_cat?post=38148"},{"taxonomy":"product_tag","embeddable":true,"href":"https:\/\/usicomp.com.br\/loja\/wp-json\/wp\/v2\/product_tag?post=38148"},{"taxonomy":"woo-feed-brand","embeddable":true,"href":"https:\/\/usicomp.com.br\/loja\/wp-json\/wp\/v2\/woo-feed-brand?post=38148"}],"curies":[{"name":"wp","href":"https:\/\/api.w.org\/{rel}","templated":true}]}}