{"id":37400,"date":"2022-09-06T14:03:47","date_gmt":"2022-09-06T17:03:47","guid":{"rendered":"https:\/\/usicomp.com.br\/loja\/?post_type=product&#038;p=37400"},"modified":"2026-04-27T13:35:53","modified_gmt":"2026-04-27T16:35:53","slug":"combo-3-caixas-garrafa-pead-300ml-quadrada-com-tampa-de-rosca","status":"publish","type":"product","link":"https:\/\/usicomp.com.br\/loja\/product\/combo-3-caixas-garrafa-pead-300ml-quadrada-com-tampa-de-rosca\/","title":{"rendered":"Combo 3 Caixas Garrafa PEAD 300ml Quadrada com Tampa de Rosca"},"content":{"rendered":"<h4>Frasco quadrado.<br \/>\nTampa de rosca.<\/h4>\n<h5>Dimens\u00f5es<\/h5>\n<table>\n<tbody>\n<tr>\n<td width=\"142\">Capacidade<\/td>\n<td width=\"142\">300 ml<\/td>\n<\/tr>\n<tr>\n<td width=\"142\">Altura- cm<\/td>\n<td width=\"142\">14,3<\/td>\n<\/tr>\n<tr>\n<td width=\"142\">Largura \u2013 cm<\/td>\n<td width=\"142\">5,5<\/td>\n<\/tr>\n<tr>\n<td width=\"142\">Circunfer\u00eancia \u2013 cm<\/td>\n<td width=\"142\">19,0<\/td>\n<\/tr>\n<\/tbody>\n<\/table>\n<h5>Caracter\u00edsticas do Produto<\/h5>\n<p>A garrafa em Polietileno \u00e9 fabricada com mat\u00e9ria prima\u00a0<strong><em>Braskem<\/em><\/strong>, material esse apropriado para o envase de produtos aliment\u00edcios. Como garantia da Qualidade, nossas garrafas passaram por an\u00e1lise de\u00a0<u>Migra\u00e7\u00e3o Total<\/u>, certificando mais uma vez que n\u00e3o transferem subst\u00e2ncias que entram em contato. Dispon\u00edvel no formato Quadrada, e sua tonalidade \u00e9 \u00a0leitosa.<\/p>\n<p>Garrafa para envase de sucos, vitaminas, iogurte, mel e bebidas.<\/p>\n<p>Sua tampa \u00e9 de rosca fina e possui lacre, uma vez fechado, ao abrir o lacre ser\u00e1 rompido. Esse sistema assegura ao consumidor um produto ainda mais confi\u00e1vel, trazendo uma credibilidade maior ao produto envasado e sua marca.<\/p>\n","protected":false},"excerpt":{"rendered":"<p>Frasco quadrado. Tampa de rosca. Dimens\u00f5es Capacidade 300 ml Altura- cm 14,3 Largura \u2013 cm 5,5 Circunfer\u00eancia \u2013 cm 19,0<\/p>\n","protected":false},"featured_media":42964,"comment_status":"closed","ping_status":"closed","template":"","meta":{"om_disable_all_campaigns":false},"product_brand":[],"product_cat":[104],"product_tag":[],"woo-feed-brand":[],"class_list":{"0":"post-37400","1":"product","2":"type-product","3":"status-publish","4":"has-post-thumbnail","6":"product_cat-combo-caixas-garrafas-pet","8":"first","9":"instock","10":"shipping-taxable","11":"purchasable","12":"product-type-variable","13":"has-default-attributes"},"aioseo_notices":[],"_links":{"self":[{"href":"https:\/\/usicomp.com.br\/loja\/wp-json\/wp\/v2\/product\/37400","targetHints":{"allow":["GET"]}}],"collection":[{"href":"https:\/\/usicomp.com.br\/loja\/wp-json\/wp\/v2\/product"}],"about":[{"href":"https:\/\/usicomp.com.br\/loja\/wp-json\/wp\/v2\/types\/product"}],"replies":[{"embeddable":true,"href":"https:\/\/usicomp.com.br\/loja\/wp-json\/wp\/v2\/comments?post=37400"}],"wp:featuredmedia":[{"embeddable":true,"href":"https:\/\/usicomp.com.br\/loja\/wp-json\/wp\/v2\/media\/42964"}],"wp:attachment":[{"href":"https:\/\/usicomp.com.br\/loja\/wp-json\/wp\/v2\/media?parent=37400"}],"wp:term":[{"taxonomy":"product_brand","embeddable":true,"href":"https:\/\/usicomp.com.br\/loja\/wp-json\/wp\/v2\/product_brand?post=37400"},{"taxonomy":"product_cat","embeddable":true,"href":"https:\/\/usicomp.com.br\/loja\/wp-json\/wp\/v2\/product_cat?post=37400"},{"taxonomy":"product_tag","embeddable":true,"href":"https:\/\/usicomp.com.br\/loja\/wp-json\/wp\/v2\/product_tag?post=37400"},{"taxonomy":"woo-feed-brand","embeddable":true,"href":"https:\/\/usicomp.com.br\/loja\/wp-json\/wp\/v2\/woo-feed-brand?post=37400"}],"curies":[{"name":"wp","href":"https:\/\/api.w.org\/{rel}","templated":true}]}}