{"id":10508,"date":"2022-01-31T14:41:43","date_gmt":"2022-01-31T17:41:43","guid":{"rendered":"https:\/\/usicomp.com.br\/loja\/?post_type=product&#038;p=10508"},"modified":"2026-04-27T13:51:59","modified_gmt":"2026-04-27T16:51:59","slug":"kit-de-garrafas-pet-familia-com-tampa-rosca-caixa-com-48-unid","status":"publish","type":"product","link":"https:\/\/usicomp.com.br\/loja\/product\/kit-de-garrafas-pet-familia-com-tampa-rosca-caixa-com-48-unid\/","title":{"rendered":"KIT DE GARRAFAS PET Quadrada Fam\u00edlia com Tampa Rosca. Caixa C\/48 Un"},"content":{"rendered":"","protected":false},"excerpt":{"rendered":"<h5>Caracter\u00edsticas<\/h5>\n<p>Kit com:<\/p>\n<ul>\n<li>16 unidades de frasco de 300 ml.<\/li>\n<li>16 unidades de frasco de 500 ml.<\/li>\n<li>16 unidades de frasco de 1000 ml.<\/li>\n<\/ul>\n<h5>Dimens\u00f5es<\/h5>\n<table>\n<tbody>\n<tr>\n<td width=\"142\">Capacidade<\/td>\n<td width=\"142\">\n<p style=\"text-align: center;\">300 ml<\/p>\n<\/td>\n<td style=\"text-align: center;\" width=\"142\">500 ml<\/td>\n<td width=\"142\">\n<p style=\"text-align: center;\">1000 ml<\/p>\n<p style=\"text-align: center;\">\n<\/td>\n<\/tr>\n<tr>\n<td width=\"142\">Altura- cm<\/td>\n<td width=\"142\">\n<p style=\"text-align: center;\">15,5<\/p>\n<\/td>\n<td style=\"text-align: center;\" width=\"142\">20,0<\/td>\n<td width=\"142\">\n<p style=\"text-align: center;\">25,0<\/p>\n<\/td>\n<\/tr>\n<tr>\n<td width=\"142\">Largura &#8211; cm<\/td>\n<td width=\"142\">\n<p style=\"text-align: center;\">5,0<\/p>\n<\/td>\n<td style=\"text-align: center;\" width=\"142\">\u00a06,2<\/td>\n<td width=\"142\">\n<p style=\"text-align: center;\">6,0<\/p>\n<\/td>\n<\/tr>\n<tr>\n<td width=\"142\">Circunfer\u00eancia &#8211; cm<\/td>\n<td width=\"142\">\n<p style=\"text-align: center;\">19,0<\/p>\n<\/td>\n<td style=\"text-align: center;\" width=\"142\">21,5<\/td>\n<td width=\"142\">\n<p style=\"text-align: center;\">25,5<\/p>\n<\/td>\n<\/tr>\n<tr>\n<td width=\"142\">Gramatura<\/td>\n<td width=\"142\">\n<p style=\"text-align: center;\">17,5<\/p>\n<\/td>\n<td style=\"text-align: center;\" width=\"142\">17,5<\/td>\n<td width=\"142\">\n<p style=\"text-align: center;\">28,0<\/p>\n<\/td>\n<\/tr>\n<\/tbody>\n<\/table>\n<h5><strong>Tamanho da Boca<\/strong><\/h5>\n<p>Boca 38 mm.<\/p>\n<h5>Descri\u00e7\u00e3o do Produto<\/h5>\n<p>A garrafa Pet\u00e9 ideal para envase de:\u00a0 sucos, detox, mel, caldo de cana, entre muitas outras bebidas. O Pet \u00e9 um material <em><strong>100% transparente<\/strong><\/em>\u00a0e livre de Bisfenol (BPA free). Dispon\u00edvel no formato Quadrado, tendo um \u00f3timo espa\u00e7o para coloca\u00e7\u00e3o de r\u00f3tulo. O material Pet, al\u00e9m de aumentar a durabilidade do produto envasado, n\u00e3o absorve cor e nem ret\u00e9m cheiro.<br \/>\nSua tampa possui rosca e lacre, uma vez fechado, ao abrir o lacre ser\u00e1 rompido. Esse sistema assegura ao seu cliente um produto ainda mais confi\u00e1vel, trazendo uma credibilidade maior ao seu neg\u00f3cio.<\/p>\n","protected":false},"featured_media":37745,"comment_status":"open","ping_status":"closed","template":"","meta":{"om_disable_all_campaigns":false},"product_brand":[],"product_cat":[41],"product_tag":[],"woo-feed-brand":[],"class_list":{"0":"post-10508","1":"product","2":"type-product","3":"status-publish","4":"has-post-thumbnail","6":"product_cat-garrafas-pet","8":"first","9":"instock","10":"shipping-taxable","11":"purchasable","12":"product-type-variable"},"aioseo_notices":[],"_links":{"self":[{"href":"https:\/\/usicomp.com.br\/loja\/wp-json\/wp\/v2\/product\/10508","targetHints":{"allow":["GET"]}}],"collection":[{"href":"https:\/\/usicomp.com.br\/loja\/wp-json\/wp\/v2\/product"}],"about":[{"href":"https:\/\/usicomp.com.br\/loja\/wp-json\/wp\/v2\/types\/product"}],"replies":[{"embeddable":true,"href":"https:\/\/usicomp.com.br\/loja\/wp-json\/wp\/v2\/comments?post=10508"}],"wp:featuredmedia":[{"embeddable":true,"href":"https:\/\/usicomp.com.br\/loja\/wp-json\/wp\/v2\/media\/37745"}],"wp:attachment":[{"href":"https:\/\/usicomp.com.br\/loja\/wp-json\/wp\/v2\/media?parent=10508"}],"wp:term":[{"taxonomy":"product_brand","embeddable":true,"href":"https:\/\/usicomp.com.br\/loja\/wp-json\/wp\/v2\/product_brand?post=10508"},{"taxonomy":"product_cat","embeddable":true,"href":"https:\/\/usicomp.com.br\/loja\/wp-json\/wp\/v2\/product_cat?post=10508"},{"taxonomy":"product_tag","embeddable":true,"href":"https:\/\/usicomp.com.br\/loja\/wp-json\/wp\/v2\/product_tag?post=10508"},{"taxonomy":"woo-feed-brand","embeddable":true,"href":"https:\/\/usicomp.com.br\/loja\/wp-json\/wp\/v2\/woo-feed-brand?post=10508"}],"curies":[{"name":"wp","href":"https:\/\/api.w.org\/{rel}","templated":true}]}}