{"id":21445,"date":"2022-03-17T15:54:57","date_gmt":"2022-03-17T18:54:57","guid":{"rendered":"https:\/\/usicomp.com.br\/loja\/?page_id=21445"},"modified":"2022-03-17T15:54:57","modified_gmt":"2022-03-17T18:54:57","slug":"trocas-devolucoes","status":"publish","type":"page","link":"https:\/\/usicomp.com.br\/loja\/trocas-devolucoes\/","title":{"rendered":"Pol\u00edtica de Privacidade"},"content":{"rendered":"\r\n<h1 class=\"wp-block-heading\">POL\u00cdTICAS DE COMPRAS<\/h1>\r\n<h3>1. Disponibilidade de Entregas<\/h3>\r\n<p>Os produtos adquiridos estar\u00e3o dispon\u00edveis para entrega de acordo com as quantidades mencionadas em estoque.<br \/>Com entrega prevista entre 1-3 dias \u00fateis (SEDEX) ou 3-10 dias \u00fateis (COREIOS), ap\u00f3s confirma\u00e7\u00e3o do pagamento.<br \/>Ficando a cargo dessas empresas poss\u00edveis altera\u00e7\u00f5es que possam sofrer os prazos divulgados no site.<br \/>O prazo de entrega depende do seu CEP e \u00e9 calculado automaticamente no seu carrinho de compras.<\/p>\r\n<h3><br \/>2. DEVOLU\u00c7\u00c3O<br \/>Causada por Arrependimento \/ Desint\u00eancia<\/h3>\r\n<p>Sobre as Condi\u00e7\u00f5es e Prazos:<\/p>\r\n<p>Se, ao receber o produto, voc\u00ea resolver devolv\u00ea-lo por arrependimento, dever\u00e1 faz\u00ea-lo em at\u00e9 sete dias corridos, a contar da data de recebimento, observando as seguintes condi\u00e7\u00f5es:<\/p>\r\n<p>2.1. O produto n\u00e3o poder\u00e1 ter ind\u00edcio de uso.<\/p>\r\n<p>2.2. O produto dever\u00e1 ser encaminhado na sua embalagem original, sem viola\u00e7\u00e3o, acompanhado da Nota Fiscal.<\/p>\r\n<p>2.3. N\u00e3o devolvemos valor referente ao frete.<\/p>\r\n<p>2.4. Informe a Usicomp Embalagens da sua inten\u00e7\u00e3o de devolu\u00e7\u00e3o pelo Atendimento WhatsApp 19 98370-5700.<\/p>\r\n<p>O produto dever\u00e1 estar acompanhado da Nota Fiscal, Etiquetas e Tags (etiqueta de c\u00f3digo de refer\u00eancia do produto), caso constem as mesmas, no recebimento do produto.<br \/>Ao efetuar o processo de devolu\u00e7\u00e3o\/troca o cliente dever\u00e1, no verso da Nota Fiscal a ser devolvida\/trocada, informar: o motivo da devolu\u00e7\u00e3o\/troca, nome de quem est\u00e1 devolvendo, CPF e data do envio.<\/p>\r\n<h3><br \/>3. TROCA ou RESSARCIMENTO DO VALOR<br \/>Op\u00e7\u00f5es para devolu\u00e7\u00e3o do produto<\/h3>\r\n<p>Se optar pela devolu\u00e7\u00e3o do valor, verifique abaixo as condi\u00e7\u00f5es para o processo de ressarcimento.<\/p>\r\n<p>Produto com Defeito\/Avaria<\/p>\r\n<p>Se ao receber o produto voc\u00ea identificar qualquer defeito, pode solicitar a troca\/devolu\u00e7\u00e3o normalmente em nosso site.<\/p>\r\n<p>Para efetuar a troca\/devolu\u00e7\u00e3o do produto com avaria, dever\u00e3o ser observadas as seguintes condi\u00e7\u00f5es:<\/p>\r\n<p>3.1. O produto n\u00e3o poder\u00e1 ter ind\u00edcio de uso.<\/p>\r\n<p>3.2. O produto dever\u00e1 ser encaminhado na sua embalagem original, sem viola\u00e7\u00e3o, acompanhado da Nota Fiscal.<\/p>\r\n<p>3.3. N\u00e3o devolvemos valor referente ao frete.<\/p>\r\n<p>2.4. Informe a Usicomp Embalagens da sua inten\u00e7\u00e3o de troca pelo Atendimento WhatsApp 19 98370-5700.<\/p>\r\n","protected":false},"excerpt":{"rendered":"<p>POL\u00cdTICAS DE COMPRAS 1. Disponibilidade de Entregas Os produtos adquiridos estar\u00e3o dispon\u00edveis para entrega de acordo com as quantidades mencionadas<\/p>\n","protected":false},"author":2,"featured_media":0,"parent":0,"menu_order":0,"comment_status":"closed","ping_status":"open","template":"","meta":{"om_disable_all_campaigns":false,"footnotes":""},"class_list":["post-21445","page","type-page","status-publish","hentry"],"aioseo_notices":[],"_links":{"self":[{"href":"https:\/\/usicomp.com.br\/loja\/wp-json\/wp\/v2\/pages\/21445","targetHints":{"allow":["GET"]}}],"collection":[{"href":"https:\/\/usicomp.com.br\/loja\/wp-json\/wp\/v2\/pages"}],"about":[{"href":"https:\/\/usicomp.com.br\/loja\/wp-json\/wp\/v2\/types\/page"}],"author":[{"embeddable":true,"href":"https:\/\/usicomp.com.br\/loja\/wp-json\/wp\/v2\/users\/2"}],"replies":[{"embeddable":true,"href":"https:\/\/usicomp.com.br\/loja\/wp-json\/wp\/v2\/comments?post=21445"}],"version-history":[{"count":1,"href":"https:\/\/usicomp.com.br\/loja\/wp-json\/wp\/v2\/pages\/21445\/revisions"}],"predecessor-version":[{"id":21450,"href":"https:\/\/usicomp.com.br\/loja\/wp-json\/wp\/v2\/pages\/21445\/revisions\/21450"}],"wp:attachment":[{"href":"https:\/\/usicomp.com.br\/loja\/wp-json\/wp\/v2\/media?parent=21445"}],"curies":[{"name":"wp","href":"https:\/\/api.w.org\/{rel}","templated":true}]}}